{"id":763,"date":"2023-02-26T00:23:10","date_gmt":"2023-02-26T00:23:10","guid":{"rendered":"https:\/\/arrobavisual.org\/artesana\/?page_id=763"},"modified":"2023-02-27T16:16:51","modified_gmt":"2023-02-27T16:16:51","slug":"taller-de-arteterapia-anual","status":"publish","type":"page","link":"https:\/\/arrobavisual.org\/artesana\/taller-de-arteterapia-anual\/","title":{"rendered":"Taller de Arteterapia (anual)"},"content":{"rendered":"\n<div class=\"wp-block-media-text alignwide is-stacked-on-mobile\" style=\"grid-template-columns:40% auto\"><figure class=\"wp-block-media-text__media\"><img loading=\"lazy\" decoding=\"async\" width=\"1024\" height=\"768\" src=\"https:\/\/arrobavisual.org\/artesana\/wp-content\/uploads\/2023\/02\/luzWeb-1024x768.png\" alt=\"\" class=\"wp-image-1056 size-full\" srcset=\"https:\/\/arrobavisual.org\/artesana\/wp-content\/uploads\/2023\/02\/luzWeb-1024x768.png 1024w, https:\/\/arrobavisual.org\/artesana\/wp-content\/uploads\/2023\/02\/luzWeb-300x225.png 300w, https:\/\/arrobavisual.org\/artesana\/wp-content\/uploads\/2023\/02\/luzWeb-768x576.png 768w, https:\/\/arrobavisual.org\/artesana\/wp-content\/uploads\/2023\/02\/luzWeb-1536x1152.png 1536w, https:\/\/arrobavisual.org\/artesana\/wp-content\/uploads\/2023\/02\/luzWeb.png 2048w\" sizes=\"auto, (max-width: 1024px) 100vw, 1024px\" \/><\/figure><div class=\"wp-block-media-text__content\">\n<div class=\"wp-block-columns is-layout-flex wp-container-core-columns-is-layout-9d6595d7 wp-block-columns-is-layout-flex\">\n<div class=\"wp-block-column is-layout-flow wp-block-column-is-layout-flow\" style=\"flex-basis:100%\">\n<div style=\"height:36px\" aria-hidden=\"true\" class=\"wp-block-spacer\"><\/div>\n\n\n\n<p>Los talleres se desarrollan de marzo a noviembre, con frecuencia quincenal (2do y 4to s\u00e1bado).<\/p>\n\n\n\n<p>El grupo es abierto, podr\u00e1s comenzar a participar en cualquier momento del a\u00f1o.<\/p>\n\n\n\n<p>Los s\u00e1bados de 10:00 hs a 12:00 hs.<\/p>\n\n\n\n<p>Grupos reducidos y ambiente climatizado.<\/p>\n\n\n\n<p>Direcci\u00f3n: Ana Monterroso de Lavalleja 2060.<\/p>\n\n\n\n<div style=\"height:45px\" aria-hidden=\"true\" class=\"wp-block-spacer\"><\/div>\n\n\n\n<p><a target=\"blanck\" href=\"https:\/\/api.whatsapp.com\/send?phone=59897110406&amp;text=Hola! te escribo por el chat oficial%20de Arroba Visual desde la web de ArteSana. Quiero reservar mi lugar para el taller anual de Arteterapia.\" rel=\"noopener\">Cliquea en \u00e9ste enlace, comun\u00edcate con nosotras y reserva tu lugar. La matr\u00edcula de $500 incluye materiales b\u00e1sicos.<\/a><\/p>\n\n\n\n<div style=\"height:48px\" aria-hidden=\"true\" class=\"wp-block-spacer\"><\/div>\n\n\n\n<p>Las sesiones se pueden pagar contado, d\u00e9bito o por transferencia:  <\/p>\n<\/div>\n<\/div>\n<\/div><\/div>\n\n\n\n<div style=\"height:13px\" aria-hidden=\"true\" class=\"wp-block-spacer\"><\/div>\n\n\n\n<p class=\"has-text-align-center\">a) mensualmente: 2 sesiones &#8211; (previo): $3200 ($1600 c\/u).<\/p>\n\n\n\n<p class=\"has-text-align-center\">b) anualmente: 18 sesiones &#8211; (previo): 25000 (+- $1400 c\/u).<\/p>\n\n\n\n<div style=\"height:35px\" aria-hidden=\"true\" class=\"wp-block-spacer\"><\/div>\n\n\n\n<div class=\"wp-block-columns is-layout-flex wp-container-core-columns-is-layout-9d6595d7 wp-block-columns-is-layout-flex\">\n<div class=\"wp-block-column is-layout-flow wp-block-column-is-layout-flow\" style=\"flex-basis:100%\">\n<div style=\"height:19px\" aria-hidden=\"true\" class=\"wp-block-spacer\"><\/div>\n\n\n\n<div class=\"botReservaTulugar\"><a class=\"botReservaTulugar\" href=\"https:\/\/api.whatsapp.com\/send?phone=59897110406&amp;text=Hola! te escribo por el chat oficial%20de Arroba Visual desde la web de ArteSana. Quiero reservar mi lugar para el taller anual de Arteterapia.\" target=\"blanck\" rel=\"noopener\">RESERVA TU LUGAR<\/a><\/div>\n<\/div>\n<\/div>\n\n\n\n<div style=\"height:34px\" aria-hidden=\"true\" class=\"wp-block-spacer\"><\/div>\n\n\n<div class=\"wp-block-image\">\n<figure class=\"aligncenter size-large\"><img loading=\"lazy\" decoding=\"async\" width=\"1024\" height=\"1024\" src=\"https:\/\/arrobavisual.org\/artesana\/wp-content\/uploads\/2023\/02\/marzoPrecioDireccionReserva-1024x1024.png\" alt=\"afiche\" class=\"wp-image-781\" srcset=\"https:\/\/arrobavisual.org\/artesana\/wp-content\/uploads\/2023\/02\/marzoPrecioDireccionReserva-1024x1024.png 1024w, https:\/\/arrobavisual.org\/artesana\/wp-content\/uploads\/2023\/02\/marzoPrecioDireccionReserva-300x300.png 300w, https:\/\/arrobavisual.org\/artesana\/wp-content\/uploads\/2023\/02\/marzoPrecioDireccionReserva-150x150.png 150w, https:\/\/arrobavisual.org\/artesana\/wp-content\/uploads\/2023\/02\/marzoPrecioDireccionReserva-768x768.png 768w, https:\/\/arrobavisual.org\/artesana\/wp-content\/uploads\/2023\/02\/marzoPrecioDireccionReserva-1536x1536.png 1536w, https:\/\/arrobavisual.org\/artesana\/wp-content\/uploads\/2023\/02\/marzoPrecioDireccionReserva-2048x2048.png 2048w\" sizes=\"auto, (max-width: 1024px) 100vw, 1024px\" \/><\/figure>\n<\/div>\n\n\n<div style=\"height:17px\" aria-hidden=\"true\" class=\"wp-block-spacer\"><\/div>\n\n\n\n<div class=\"botReservaTulugar\"><a class=\"botReservaTulugar\" href=\"https:\/\/api.whatsapp.com\/send?phone=59897110406&amp;text=Hola! te escribo por el chat oficial%20de Arroba Visual desde la web de ArteSana. Quiero reservar mi lugar para el taller anual de Arteterapia.\" target=\"blanck\" rel=\"noopener\">RESERVA TU LUGAR<\/a><\/div>\n\n\n\n<div style=\"height:37px\" aria-hidden=\"true\" class=\"wp-block-spacer\"><\/div>\n\n\n\n<h3 align=\"center\">Comun\u00edcate con nosotras:<\/h3>\n\n\n\n<div class=\"wpcf7 no-js\" id=\"wpcf7-f191-o1\" lang=\"en-US\" dir=\"ltr\">\n<div class=\"screen-reader-response\"><p role=\"status\" aria-live=\"polite\" aria-atomic=\"true\"><\/p> <ul><\/ul><\/div>\n<form action=\"\/artesana\/wp-json\/wp\/v2\/pages\/763#wpcf7-f191-o1\" method=\"post\" class=\"wpcf7-form init\" aria-label=\"Contact form\" novalidate=\"novalidate\" data-status=\"init\">\n<div style=\"display: none;\">\n<input type=\"hidden\" name=\"_wpcf7\" value=\"191\" \/>\n<input type=\"hidden\" name=\"_wpcf7_version\" value=\"5.7.4\" \/>\n<input type=\"hidden\" name=\"_wpcf7_locale\" value=\"en_US\" \/>\n<input type=\"hidden\" name=\"_wpcf7_unit_tag\" value=\"wpcf7-f191-o1\" \/>\n<input type=\"hidden\" name=\"_wpcf7_container_post\" value=\"0\" \/>\n<input type=\"hidden\" name=\"_wpcf7_posted_data_hash\" value=\"\" \/>\n<input type=\"hidden\" name=\"_wpcf7_recaptcha_response\" value=\"\" \/>\n<\/div>\n<div class=\"formArtesana\">\n\t<p><label> Tu nombre<br \/>\n<span class=\"wpcf7-form-control-wrap\" data-name=\"your-name\"><input size=\"40\" class=\"wpcf7-form-control wpcf7-text wpcf7-validates-as-required\" autocomplete=\"name\" aria-required=\"true\" aria-invalid=\"false\" value=\"\" type=\"text\" name=\"your-name\" \/><\/span> <\/label>\n\t<\/p>\n\t<p><label> Tu correo electr\u00f3nico<br \/>\n<span class=\"wpcf7-form-control-wrap\" data-name=\"your-email\"><input size=\"40\" class=\"wpcf7-form-control wpcf7-text wpcf7-email wpcf7-validates-as-required wpcf7-validates-as-email\" autocomplete=\"email\" aria-required=\"true\" aria-invalid=\"false\" value=\"\" type=\"email\" name=\"your-email\" \/><\/span> <\/label>\n\t<\/p>\n\t<p><label>Celular<br \/>\n<span class=\"wpcf7-form-control-wrap\" data-name=\"tel\"><input size=\"40\" class=\"wpcf7-form-control wpcf7-text wpcf7-validates-as-required\" aria-required=\"true\" aria-invalid=\"false\" value=\"\" type=\"text\" name=\"tel\" \/><\/span><\/label>\n\t<\/p>\n\t<p><label> Asunto<br \/>\n<span class=\"wpcf7-form-control-wrap\" data-name=\"your-subject\"><input size=\"40\" class=\"wpcf7-form-control wpcf7-text wpcf7-validates-as-required\" aria-required=\"true\" aria-invalid=\"false\" value=\"\" type=\"text\" name=\"your-subject\" \/><\/span> <\/label>\n\t<\/p>\n\t<p><label> Tu mensaje (opcional)<br \/>\n<span class=\"wpcf7-form-control-wrap\" data-name=\"your-message\"><textarea cols=\"40\" rows=\"10\" class=\"wpcf7-form-control wpcf7-textarea\" aria-invalid=\"false\" name=\"your-message\"><\/textarea><\/span> <\/label>\n\t<\/p>\n<span class=\"wpcf7-form-control-wrap recaptcha\" data-name=\"recaptcha\"><span data-sitekey=\"6LePzKojAAAAAMbRswQtJx9UpTretAUr9nNWVQjC\" class=\"wpcf7-form-control g-recaptcha wpcf7-recaptcha\"><\/span>\r\n<noscript>\r\n\t<div class=\"grecaptcha-noscript\">\r\n\t\t<iframe loading=\"lazy\" src=\"https:\/\/www.google.com\/recaptcha\/api\/fallback?k=6LePzKojAAAAAMbRswQtJx9UpTretAUr9nNWVQjC\" frameborder=\"0\" scrolling=\"no\" width=\"310\" height=\"430\">\r\n\t\t<\/iframe>\r\n\t\t<textarea name=\"g-recaptcha-response\" rows=\"3\" cols=\"40\" placeholder=\"reCaptcha Response Here\">\r\n\t\t<\/textarea>\r\n\t<\/div>\r\n<\/noscript>\r\n<\/span>\n\t<p><label><br \/>\n<input class=\"wpcf7-form-control has-spinner wpcf7-submit\" type=\"submit\" value=\"Enviar\" \/><\/label>\n\t<\/p>\n<\/div><div class=\"wpcf7-response-output\" aria-hidden=\"true\"><\/div>\n<\/form>\n<\/div>\n\n","protected":false},"excerpt":{"rendered":"<p>a) mensualmente: 2 sesiones &#8211; (previo): $3200 ($1600 c\/u). b) anualmente: 18 sesiones &#8211; (previo): 25000 (+- $1400 c\/u). RESERVA TU LUGAR RESERVA TU LUGAR Comun\u00edcate con nosotras:<\/p>\n","protected":false},"author":1,"featured_media":0,"parent":0,"menu_order":0,"comment_status":"closed","ping_status":"closed","template":"","meta":{"footnotes":""},"class_list":["post-763","page","type-page","status-publish","hentry"],"yoast_head":"<!-- This site is optimized with the Yoast SEO plugin v20.2.1 - https:\/\/yoast.com\/wordpress\/plugins\/seo\/ -->\n<title>Taller de Arteterapia (anual) - ArteSana<\/title>\n<meta name=\"robots\" content=\"index, follow, max-snippet:-1, max-image-preview:large, max-video-preview:-1\" \/>\n<link rel=\"canonical\" href=\"https:\/\/arrobavisual.org\/artesana\/taller-de-arteterapia-anual\/\" \/>\n<meta property=\"og:locale\" content=\"es_ES\" \/>\n<meta property=\"og:type\" content=\"article\" \/>\n<meta property=\"og:title\" content=\"Taller de Arteterapia (anual) - ArteSana\" \/>\n<meta property=\"og:description\" content=\"a) mensualmente: 2 sesiones &#8211; (previo): $3200 ($1600 c\/u). b) anualmente: 18 sesiones &#8211; (previo): 25000 (+- $1400 c\/u). RESERVA TU LUGAR RESERVA TU LUGAR Comun\u00edcate con nosotras:\" \/>\n<meta property=\"og:url\" content=\"https:\/\/arrobavisual.org\/artesana\/taller-de-arteterapia-anual\/\" \/>\n<meta property=\"og:site_name\" content=\"ArteSana\" \/>\n<meta property=\"article:publisher\" content=\"https:\/\/www.facebook.com\/ArrobaVisualEAD\/\" \/>\n<meta property=\"article:modified_time\" content=\"2023-02-27T16:16:51+00:00\" \/>\n<meta property=\"og:image\" content=\"https:\/\/arrobavisual.org\/artesana\/wp-content\/uploads\/2023\/02\/luzWeb-1024x768.png\" \/>\n<meta name=\"twitter:card\" content=\"summary_large_image\" \/>\n<meta name=\"twitter:label1\" content=\"Tiempo de lectura\" \/>\n\t<meta name=\"twitter:data1\" content=\"1 minuto\" \/>\n<script type=\"application\/ld+json\" class=\"yoast-schema-graph\">{\"@context\":\"https:\/\/schema.org\",\"@graph\":[{\"@type\":\"WebPage\",\"@id\":\"https:\/\/arrobavisual.org\/artesana\/taller-de-arteterapia-anual\/\",\"url\":\"https:\/\/arrobavisual.org\/artesana\/taller-de-arteterapia-anual\/\",\"name\":\"Taller de Arteterapia (anual) - ArteSana\",\"isPartOf\":{\"@id\":\"https:\/\/arrobavisual.org\/artesana\/#website\"},\"datePublished\":\"2023-02-26T00:23:10+00:00\",\"dateModified\":\"2023-02-27T16:16:51+00:00\",\"breadcrumb\":{\"@id\":\"https:\/\/arrobavisual.org\/artesana\/taller-de-arteterapia-anual\/#breadcrumb\"},\"inLanguage\":\"es\",\"potentialAction\":[{\"@type\":\"ReadAction\",\"target\":[\"https:\/\/arrobavisual.org\/artesana\/taller-de-arteterapia-anual\/\"]}]},{\"@type\":\"BreadcrumbList\",\"@id\":\"https:\/\/arrobavisual.org\/artesana\/taller-de-arteterapia-anual\/#breadcrumb\",\"itemListElement\":[{\"@type\":\"ListItem\",\"position\":1,\"name\":\"Portada\",\"item\":\"https:\/\/arrobavisual.org\/artesana\/\"},{\"@type\":\"ListItem\",\"position\":2,\"name\":\"Taller de Arteterapia (anual)\"}]},{\"@type\":\"WebSite\",\"@id\":\"https:\/\/arrobavisual.org\/artesana\/#website\",\"url\":\"https:\/\/arrobavisual.org\/artesana\/\",\"name\":\"ArteSana\",\"description\":\"Talleres de Arte Terapia\",\"publisher\":{\"@id\":\"https:\/\/arrobavisual.org\/artesana\/#organization\"},\"potentialAction\":[{\"@type\":\"SearchAction\",\"target\":{\"@type\":\"EntryPoint\",\"urlTemplate\":\"https:\/\/arrobavisual.org\/artesana\/?s={search_term_string}\"},\"query-input\":\"required name=search_term_string\"}],\"inLanguage\":\"es\"},{\"@type\":\"Organization\",\"@id\":\"https:\/\/arrobavisual.org\/artesana\/#organization\",\"name\":\"ArteSana\",\"url\":\"https:\/\/arrobavisual.org\/artesana\/\",\"logo\":{\"@type\":\"ImageObject\",\"inLanguage\":\"es\",\"@id\":\"https:\/\/arrobavisual.org\/artesana\/#\/schema\/logo\/image\/\",\"url\":\"https:\/\/arrobavisual.org\/artesana\/wp-content\/uploads\/2023\/02\/espacioCreatvo2web.png\",\"contentUrl\":\"https:\/\/arrobavisual.org\/artesana\/wp-content\/uploads\/2023\/02\/espacioCreatvo2web.png\",\"width\":721,\"height\":150,\"caption\":\"ArteSana\"},\"image\":{\"@id\":\"https:\/\/arrobavisual.org\/artesana\/#\/schema\/logo\/image\/\"},\"sameAs\":[\"https:\/\/www.facebook.com\/ArrobaVisualEAD\/\",\"https:\/\/www.facebook.com\/ArrobaVisual\/\",\"https:\/\/www.instagram.com\/arrobavisual\/\"]}]}<\/script>\n<!-- \/ Yoast SEO plugin. -->","yoast_head_json":{"title":"Taller de Arteterapia (anual) - ArteSana","robots":{"index":"index","follow":"follow","max-snippet":"max-snippet:-1","max-image-preview":"max-image-preview:large","max-video-preview":"max-video-preview:-1"},"canonical":"https:\/\/arrobavisual.org\/artesana\/taller-de-arteterapia-anual\/","og_locale":"es_ES","og_type":"article","og_title":"Taller de Arteterapia (anual) - ArteSana","og_description":"a) mensualmente: 2 sesiones &#8211; (previo): $3200 ($1600 c\/u). b) anualmente: 18 sesiones &#8211; (previo): 25000 (+- $1400 c\/u). RESERVA TU LUGAR RESERVA TU LUGAR Comun\u00edcate con nosotras:","og_url":"https:\/\/arrobavisual.org\/artesana\/taller-de-arteterapia-anual\/","og_site_name":"ArteSana","article_publisher":"https:\/\/www.facebook.com\/ArrobaVisualEAD\/","article_modified_time":"2023-02-27T16:16:51+00:00","og_image":[{"url":"https:\/\/arrobavisual.org\/artesana\/wp-content\/uploads\/2023\/02\/luzWeb-1024x768.png"}],"twitter_card":"summary_large_image","twitter_misc":{"Tiempo de lectura":"1 minuto"},"schema":{"@context":"https:\/\/schema.org","@graph":[{"@type":"WebPage","@id":"https:\/\/arrobavisual.org\/artesana\/taller-de-arteterapia-anual\/","url":"https:\/\/arrobavisual.org\/artesana\/taller-de-arteterapia-anual\/","name":"Taller de Arteterapia (anual) - ArteSana","isPartOf":{"@id":"https:\/\/arrobavisual.org\/artesana\/#website"},"datePublished":"2023-02-26T00:23:10+00:00","dateModified":"2023-02-27T16:16:51+00:00","breadcrumb":{"@id":"https:\/\/arrobavisual.org\/artesana\/taller-de-arteterapia-anual\/#breadcrumb"},"inLanguage":"es","potentialAction":[{"@type":"ReadAction","target":["https:\/\/arrobavisual.org\/artesana\/taller-de-arteterapia-anual\/"]}]},{"@type":"BreadcrumbList","@id":"https:\/\/arrobavisual.org\/artesana\/taller-de-arteterapia-anual\/#breadcrumb","itemListElement":[{"@type":"ListItem","position":1,"name":"Portada","item":"https:\/\/arrobavisual.org\/artesana\/"},{"@type":"ListItem","position":2,"name":"Taller de Arteterapia (anual)"}]},{"@type":"WebSite","@id":"https:\/\/arrobavisual.org\/artesana\/#website","url":"https:\/\/arrobavisual.org\/artesana\/","name":"ArteSana","description":"Talleres de Arte Terapia","publisher":{"@id":"https:\/\/arrobavisual.org\/artesana\/#organization"},"potentialAction":[{"@type":"SearchAction","target":{"@type":"EntryPoint","urlTemplate":"https:\/\/arrobavisual.org\/artesana\/?s={search_term_string}"},"query-input":"required name=search_term_string"}],"inLanguage":"es"},{"@type":"Organization","@id":"https:\/\/arrobavisual.org\/artesana\/#organization","name":"ArteSana","url":"https:\/\/arrobavisual.org\/artesana\/","logo":{"@type":"ImageObject","inLanguage":"es","@id":"https:\/\/arrobavisual.org\/artesana\/#\/schema\/logo\/image\/","url":"https:\/\/arrobavisual.org\/artesana\/wp-content\/uploads\/2023\/02\/espacioCreatvo2web.png","contentUrl":"https:\/\/arrobavisual.org\/artesana\/wp-content\/uploads\/2023\/02\/espacioCreatvo2web.png","width":721,"height":150,"caption":"ArteSana"},"image":{"@id":"https:\/\/arrobavisual.org\/artesana\/#\/schema\/logo\/image\/"},"sameAs":["https:\/\/www.facebook.com\/ArrobaVisualEAD\/","https:\/\/www.facebook.com\/ArrobaVisual\/","https:\/\/www.instagram.com\/arrobavisual\/"]}]}},"_links":{"self":[{"href":"https:\/\/arrobavisual.org\/artesana\/wp-json\/wp\/v2\/pages\/763","targetHints":{"allow":["GET"]}}],"collection":[{"href":"https:\/\/arrobavisual.org\/artesana\/wp-json\/wp\/v2\/pages"}],"about":[{"href":"https:\/\/arrobavisual.org\/artesana\/wp-json\/wp\/v2\/types\/page"}],"author":[{"embeddable":true,"href":"https:\/\/arrobavisual.org\/artesana\/wp-json\/wp\/v2\/users\/1"}],"replies":[{"embeddable":true,"href":"https:\/\/arrobavisual.org\/artesana\/wp-json\/wp\/v2\/comments?post=763"}],"version-history":[{"count":63,"href":"https:\/\/arrobavisual.org\/artesana\/wp-json\/wp\/v2\/pages\/763\/revisions"}],"predecessor-version":[{"id":1084,"href":"https:\/\/arrobavisual.org\/artesana\/wp-json\/wp\/v2\/pages\/763\/revisions\/1084"}],"wp:attachment":[{"href":"https:\/\/arrobavisual.org\/artesana\/wp-json\/wp\/v2\/media?parent=763"}],"curies":[{"name":"wp","href":"https:\/\/api.w.org\/{rel}","templated":true}]}}